{"id":381,"date":"2026-03-07T13:41:21","date_gmt":"2026-03-07T11:41:21","guid":{"rendered":"https:\/\/icc-greece-romania.org\/?page_id=381"},"modified":"2026-03-07T14:43:41","modified_gmt":"2026-03-07T12:43:41","slug":"about-the-committee","status":"publish","type":"page","link":"https:\/\/icc-greece-romania.org\/ro\/about-the-committee\/","title":{"rendered":"Despre Comitetul Nostru"},"content":{"rendered":"<p><div class=\"fusion-fullwidth fullwidth-box fusion-builder-row-1 fusion-flex-container has-pattern-background has-mask-background nonhundred-percent-fullwidth non-hundred-percent-height-scrolling\" style=\"--awb-border-radius-top-left:16px;--awb-border-radius-top-right:16px;--awb-border-radius-bottom-right:16px;--awb-border-radius-bottom-left:16px;--awb-overflow:hidden;--awb-margin-top:2em;--awb-margin-bottom:2em;--awb-margin-top-medium:2em;--awb-margin-bottom-medium:2em;--awb-margin-top-small:1em;--awb-margin-bottom-small:1em;--awb-background-color:var(--awb-color2);--awb-flex-wrap:wrap;\" ><div class=\"fusion-builder-row fusion-row fusion-flex-align-items-stretch fusion-flex-content-wrap\" style=\"max-width:1497.6px;margin-left: calc(-4% \/ 2 );margin-right: calc(-4% \/ 2 );\"><div class=\"fusion-layout-column fusion_builder_column fusion-builder-column-0 fusion_builder_column_4_5 4_5 fusion-flex-column fusion-flex-align-self-center\" style=\"--awb-padding-top:0em;--awb-padding-right:0em;--awb-padding-bottom:1em;--awb-padding-left:0em;--awb-padding-top-medium:2em;--awb-padding-right-medium:0em;--awb-padding-bottom-medium:2em;--awb-padding-left-medium:0em;--awb-padding-top-small:0em;--awb-padding-right-small:0em;--awb-padding-bottom-small:1em;--awb-padding-left-small:0em;--awb-overflow:hidden;--awb-bg-color:rgba(0,0,0,0);--awb-bg-color-hover:rgba(0,0,0,0);--awb-bg-position:center center;--awb-bg-size:cover;--awb-border-radius:16px 16px 16px 16px;--awb-width-large:80%;--awb-margin-top-large:0px;--awb-spacing-right-large:2.4%;--awb-margin-bottom-large:0px;--awb-spacing-left-large:2.4%;--awb-width-medium:100%;--awb-order-medium:0;--awb-spacing-right-medium:1.92%;--awb-spacing-left-medium:1.92%;--awb-width-small:100%;--awb-order-small:0;--awb-spacing-right-small:1.92%;--awb-spacing-left-small:1.92%;\" data-scroll-devices=\"small-visibility,medium-visibility,large-visibility\"><div class=\"fusion-column-wrapper fusion-column-has-shadow fusion-flex-justify-content-flex-start fusion-content-layout-row fusion-flex-align-items-center\"><div class=\"fusion-builder-row fusion-builder-row-inner fusion-row fusion-flex-align-items-stretch fusion-flex-content-wrap\" style=\"width:104% !important;max-width:104% !important;margin-left: calc(-4% \/ 2 );margin-right: calc(-4% \/ 2 );\"><div class=\"fusion-layout-column fusion_builder_column_inner fusion-builder-nested-column-0 fusion_builder_column_inner_1_1 1_1 fusion-flex-column wiz-animate wiz-fade-up\" style=\"--awb-bg-size:cover;--awb-width-large:100%;--awb-margin-top-large:0px;--awb-spacing-right-large:1.92%;--awb-margin-bottom-large:20px;--awb-spacing-left-large:1.92%;--awb-width-medium:100%;--awb-order-medium:0;--awb-spacing-right-medium:1.92%;--awb-spacing-left-medium:1.92%;--awb-width-small:100%;--awb-order-small:0;--awb-spacing-right-small:1.92%;--awb-spacing-left-small:1.92%;\" data-scroll-devices=\"small-visibility,medium-visibility,large-visibility\"><div class=\"fusion-column-wrapper fusion-column-has-shadow fusion-flex-justify-content-flex-start fusion-content-layout-column\"><div class=\"fusion-title title fusion-title-1 fusion-sep-none fusion-title-text fusion-title-size-one\"><h1 class=\"fusion-title-heading title-heading-left fusion-responsive-typography-calculated\" style=\"margin:0;--fontSize:50;line-height:var(--awb-typography1-line-height);\"><strong>ICC Greece \u2013 Romania: <span style=\"color: #3498db;\">Despre Comitetul Nostru<\/span><\/strong><\/h1><\/div><div class=\"fusion-text fusion-text-1\" style=\"--awb-text-color:var(--awb-color3);\"><p>Comitetul Inter-\u021a\u0103ri (ICC) Grecia \u2013 Rom\u00e2nia este o entitate oficial\u0103 a Rotary International, dedicat\u0103 cultiv\u0103rii unei alian\u021be strategice \u00eentre Districtul 2475 (Grecia) \u0219i Districtul 2241 (Rom\u00e2nia \u0219i Moldova). Comitetul nostru func\u021bioneaz\u0103 ca un canal vital de comunicare, sprijinind cluburile \u00een identificarea partenerilor pentru proiecte umanitare comune, promov\u00e2nd schimburile profesionale \u0219i consolid\u00e2nd cooperarea durabil\u0103 \u00eentre na\u021biunile noastre. Ghida\u021bi de idealul \u201eService Above Self\u201d, construim zilnic pun\u021bi care transform\u0103 ini\u021biativele locale \u00eentr-un impact interna\u021bional semnificativ.<\/p>\n<\/div><\/div><\/div><\/div><\/div><\/div><\/div><\/div><div class=\"fusion-fullwidth fullwidth-box fusion-builder-row-2 fusion-flex-container has-pattern-background has-mask-background nonhundred-percent-fullwidth non-hundred-percent-height-scrolling\" style=\"--awb-border-radius-top-left:0px;--awb-border-radius-top-right:0px;--awb-border-radius-bottom-right:0px;--awb-border-radius-bottom-left:0px;--awb-padding-top:0em;--awb-padding-right:4em;--awb-padding-bottom:4em;--awb-padding-left:4em;--awb-padding-top-medium:0em;--awb-padding-right-medium:2em;--awb-padding-bottom-medium:2em;--awb-padding-left-medium:2em;--awb-padding-top-small:0em;--awb-padding-right-small:1em;--awb-padding-bottom-small:1em;--awb-padding-left-small:1em;--awb-margin-top:4em;--awb-margin-bottom:4em;--awb-margin-top-medium:4em;--awb-margin-bottom-medium:4em;--awb-margin-top-small:2em;--awb-margin-bottom-small:2em;--awb-flex-wrap:wrap;\" ><div class=\"fusion-builder-row fusion-row fusion-flex-align-items-flex-start fusion-flex-justify-content-center fusion-flex-content-wrap\" style=\"max-width:1497.6px;margin-left: calc(-4% \/ 2 );margin-right: calc(-4% \/ 2 );\"><div class=\"fusion-layout-column fusion_builder_column fusion-builder-column-1 fusion_builder_column_3_4 3_4 fusion-flex-column fusion-flex-align-self-stretch wiz-animate wiz-fade-up delay-100\" style=\"--awb-padding-top:2em;--awb-padding-right:2em;--awb-padding-bottom:2em;--awb-padding-left:2em;--awb-padding-top-medium:2em;--awb-padding-right-medium:2em;--awb-padding-bottom-medium:2em;--awb-padding-left-medium:2em;--awb-padding-top-small:1em;--awb-padding-right-small:1em;--awb-padding-bottom-small:1em;--awb-padding-left-small:1em;--awb-overflow:hidden;--awb-bg-color:var(--awb-color1);--awb-bg-color-hover:var(--awb-color1);--awb-bg-size:cover;--awb-box-shadow:0px 6px 20px -6px hsla(var(--awb-color8-h),var(--awb-color8-s),var(--awb-color8-l),calc(var(--awb-color8-a) - 80%));;--awb-border-color:hsla(var(--awb-color8-h),var(--awb-color8-s),var(--awb-color8-l),calc(var(--awb-color8-a) - 90%));--awb-border-top:0px;--awb-border-right:0px;--awb-border-bottom:1px;--awb-border-left:0em;--awb-border-style:solid;--awb-border-radius:16px 16px 16px 16px;--awb-width-large:75%;--awb-margin-top-large:0px;--awb-spacing-right-large:2.56%;--awb-margin-bottom-large:20px;--awb-spacing-left-large:2.56%;--awb-width-medium:75%;--awb-order-medium:0;--awb-spacing-right-medium:2.56%;--awb-spacing-left-medium:2.56%;--awb-width-small:100%;--awb-order-small:0;--awb-spacing-right-small:1.92%;--awb-spacing-left-small:1.92%;\" data-scroll-devices=\"small-visibility,medium-visibility,large-visibility\"><div class=\"fusion-column-wrapper fusion-column-has-shadow fusion-flex-justify-content-center fusion-content-layout-column\"><div class=\"fusion-builder-row fusion-builder-row-inner fusion-row fusion-flex-align-items-flex-start fusion-flex-justify-content-center fusion-flex-content-wrap\" style=\"width:104% !important;max-width:104% !important;margin-left: calc(-4% \/ 2 );margin-right: calc(-4% \/ 2 );\"><div class=\"fusion-layout-column fusion_builder_column_inner fusion-builder-nested-column-1 fusion_builder_column_inner_1_2 1_2 fusion-flex-column\" style=\"--awb-padding-top:2em;--awb-padding-right:2em;--awb-padding-bottom:2em;--awb-padding-left:2em;--awb-padding-top-medium:2em;--awb-padding-right-medium:2em;--awb-padding-bottom-medium:2em;--awb-padding-left-medium:2em;--awb-padding-top-small:1em;--awb-padding-right-small:1em;--awb-padding-bottom-small:1em;--awb-padding-left-small:1em;--awb-overflow:hidden;--awb-bg-size:cover;--awb-border-color:hsla(var(--awb-color8-h),var(--awb-color8-s),var(--awb-color8-l),calc(var(--awb-color8-a) - 80%));--awb-border-top:0px;--awb-border-right:0px;--awb-border-bottom:0px;--awb-border-left:0px;--awb-border-style:solid;--awb-border-radius:16px 16px 16px 16px;--awb-width-large:50%;--awb-margin-top-large:0px;--awb-spacing-right-large:3.84%;--awb-margin-bottom-large:20px;--awb-spacing-left-large:3.84%;--awb-width-medium:50%;--awb-order-medium:0;--awb-spacing-right-medium:3.84%;--awb-spacing-left-medium:3.84%;--awb-width-small:100%;--awb-order-small:0;--awb-spacing-right-small:1.92%;--awb-spacing-left-small:1.92%;\" data-scroll-devices=\"small-visibility,medium-visibility,large-visibility\"><div class=\"fusion-column-wrapper fusion-column-has-shadow fusion-flex-justify-content-flex-start fusion-content-layout-column\"><div class=\"fusion-title title fusion-title-2 fusion-sep-none fusion-title-text fusion-title-size-three\" style=\"--awb-text-color:var(--awb-color5);\"><h3 class=\"fusion-title-heading title-heading-left fusion-responsive-typography-calculated\" style=\"margin:0;--fontSize:32;line-height:1.4;\"><strong>GRECIA<\/strong><\/h3><\/div><div class=\"fusion-text fusion-text-2\"><p><span style=\"color: #00a2e0;\">Coordonator na\u021bional ICC: <strong>Mavrakos A. Spyros<\/strong><\/span><\/p>\n<\/div><div class=\"fusion-separator fusion-full-width-sep\" style=\"align-self: center;margin-left: auto;margin-right: auto;margin-bottom:1em;width:100%;\"><\/div><div class=\"fusion-text fusion-text-3\"><p><span style=\"color: #f7a81b;\">Pre\u0219edinte<\/span><br \/>\n<strong>Christina Kartsiotou<\/strong><br \/>\n<small>R.C. Kifissia Politia<\/small><\/p>\n<\/div><div class=\"fusion-separator fusion-full-width-sep\" style=\"align-self: center;margin-left: auto;margin-right: auto;margin-bottom:1em;width:100%;\"><div class=\"fusion-separator-border sep-single sep-solid\" style=\"--awb-height:20px;--awb-amount:20px;--awb-sep-color:hsla(var(--awb-color8-h),var(--awb-color8-s),var(--awb-color8-l),calc(var(--awb-color8-a) - 90%));border-color:hsla(var(--awb-color8-h),var(--awb-color8-s),var(--awb-color8-l),calc(var(--awb-color8-a) - 90%));border-top-width:1px;\"><\/div><\/div><div class=\"fusion-text fusion-text-4\"><p><span style=\"color: #f7a81b;\">Secretar<\/span><br \/>\n<strong>Stratos Vlasakidis<\/strong><br \/>\n<small>R.C. Kalamaria<\/small><\/p>\n<\/div><div class=\"fusion-separator fusion-full-width-sep\" style=\"align-self: center;margin-left: auto;margin-right: auto;margin-bottom:1em;width:100%;\"><div class=\"fusion-separator-border sep-single sep-solid\" style=\"--awb-height:20px;--awb-amount:20px;--awb-sep-color:hsla(var(--awb-color8-h),var(--awb-color8-s),var(--awb-color8-l),calc(var(--awb-color8-a) - 90%));border-color:hsla(var(--awb-color8-h),var(--awb-color8-s),var(--awb-color8-l),calc(var(--awb-color8-a) - 90%));border-top-width:1px;\"><\/div><\/div><div class=\"fusion-text fusion-text-5\"><p><span style=\"color: #f7a81b;\">Treasurer<\/span><br \/>\n<strong>Takis Farmakis<\/strong><br \/>\n<small>R.C. Psychiko<\/small><\/p>\n<\/div><div class=\"fusion-separator fusion-full-width-sep\" style=\"align-self: center;margin-left: auto;margin-right: auto;margin-bottom:1em;width:100%;\"><div class=\"fusion-separator-border sep-single sep-solid\" style=\"--awb-height:20px;--awb-amount:20px;--awb-sep-color:hsla(var(--awb-color8-h),var(--awb-color8-s),var(--awb-color8-l),calc(var(--awb-color8-a) - 90%));border-color:hsla(var(--awb-color8-h),var(--awb-color8-s),var(--awb-color8-l),calc(var(--awb-color8-a) - 90%));border-top-width:1px;\"><\/div><\/div><div class=\"fusion-text fusion-text-6\"><p><span style=\"color: #f7a81b;\">Membru<\/span><br \/>\n<strong>George Stavropoulos<\/strong><br \/>\n<small>R.C. E-Club<\/small><\/p>\n<\/div><div class=\"fusion-separator fusion-full-width-sep\" style=\"align-self: center;margin-left: auto;margin-right: auto;margin-bottom:1em;width:100%;\"><div class=\"fusion-separator-border sep-single sep-solid\" style=\"--awb-height:20px;--awb-amount:20px;--awb-sep-color:hsla(var(--awb-color8-h),var(--awb-color8-s),var(--awb-color8-l),calc(var(--awb-color8-a) - 90%));border-color:hsla(var(--awb-color8-h),var(--awb-color8-s),var(--awb-color8-l),calc(var(--awb-color8-a) - 90%));border-top-width:1px;\"><\/div><\/div><div class=\"fusion-text fusion-text-7\"><p><span style=\"color: #f7a81b;\">Membru<\/span><br \/>\n<strong>Teti Ralli<\/strong><br \/>\n<small>R.C. Halandri<\/small><\/p>\n<\/div><div class=\"fusion-separator fusion-full-width-sep\" style=\"align-self: center;margin-left: auto;margin-right: auto;margin-bottom:1em;width:100%;\"><div class=\"fusion-separator-border sep-single sep-solid\" style=\"--awb-height:20px;--awb-amount:20px;--awb-sep-color:hsla(var(--awb-color8-h),var(--awb-color8-s),var(--awb-color8-l),calc(var(--awb-color8-a) - 90%));border-color:hsla(var(--awb-color8-h),var(--awb-color8-s),var(--awb-color8-l),calc(var(--awb-color8-a) - 90%));border-top-width:1px;\"><\/div><\/div><div class=\"fusion-text fusion-text-8\"><p><span style=\"color: #f7a81b;\">Membru<\/span><br \/>\n<strong>Thanasis Katsikis<\/strong><br \/>\n<small>R.C. Alexandroupoli<\/small><\/p>\n<\/div><div class=\"fusion-separator fusion-full-width-sep\" style=\"align-self: center;margin-left: auto;margin-right: auto;margin-bottom:1em;width:100%;\"><div class=\"fusion-separator-border sep-single sep-solid\" style=\"--awb-height:20px;--awb-amount:20px;--awb-sep-color:hsla(var(--awb-color8-h),var(--awb-color8-s),var(--awb-color8-l),calc(var(--awb-color8-a) - 90%));border-color:hsla(var(--awb-color8-h),var(--awb-color8-s),var(--awb-color8-l),calc(var(--awb-color8-a) - 90%));border-top-width:1px;\"><\/div><\/div><div class=\"fusion-text fusion-text-9\"><p><span style=\"color: #f7a81b;\">Membru<\/span><br \/>\n<strong>Dr. Despoina Katsochi<\/strong><br \/>\n<small>R.C. Kifissia Politia<\/small><\/p>\n<\/div><\/div><\/div><div class=\"fusion-layout-column fusion_builder_column_inner fusion-builder-nested-column-2 fusion_builder_column_inner_1_2 1_2 fusion-flex-column\" style=\"--awb-padding-top:2em;--awb-padding-right:2em;--awb-padding-bottom:2em;--awb-padding-left:2em;--awb-padding-top-medium:2em;--awb-padding-right-medium:2em;--awb-padding-bottom-medium:2em;--awb-padding-left-medium:2em;--awb-padding-top-small:1em;--awb-padding-right-small:1em;--awb-padding-bottom-small:1em;--awb-padding-left-small:1em;--awb-overflow:hidden;--awb-bg-size:cover;--awb-border-color:hsla(var(--awb-color8-h),var(--awb-color8-s),var(--awb-color8-l),calc(var(--awb-color8-a) - 80%));--awb-border-top:0px;--awb-border-right:0px;--awb-border-bottom:0px;--awb-border-left:0px;--awb-border-style:solid;--awb-border-radius:16px 16px 16px 16px;--awb-width-large:50%;--awb-margin-top-large:0px;--awb-spacing-right-large:3.84%;--awb-margin-bottom-large:20px;--awb-spacing-left-large:3.84%;--awb-width-medium:50%;--awb-order-medium:0;--awb-spacing-right-medium:3.84%;--awb-spacing-left-medium:3.84%;--awb-width-small:100%;--awb-order-small:0;--awb-spacing-right-small:1.92%;--awb-spacing-left-small:1.92%;\" data-scroll-devices=\"small-visibility,medium-visibility,large-visibility\"><div class=\"fusion-column-wrapper fusion-column-has-shadow fusion-flex-justify-content-flex-start fusion-content-layout-column\"><div class=\"fusion-title title fusion-title-3 fusion-sep-none fusion-title-text fusion-title-size-three\" style=\"--awb-text-color:var(--awb-color5);\"><h3 class=\"fusion-title-heading title-heading-left fusion-responsive-typography-calculated\" style=\"margin:0;--fontSize:32;line-height:1.4;\"><strong>ROM\u00c2NIA<\/strong><\/h3><\/div><div class=\"fusion-text fusion-text-10\"><p><span style=\"color: #00a2e0;\">Coordonator na\u021bional ICC: <strong>Cristian Jurji<\/strong><\/span><\/p>\n<\/div><div class=\"fusion-separator fusion-full-width-sep\" style=\"align-self: center;margin-left: auto;margin-right: auto;margin-bottom:1em;width:100%;\"><\/div><div class=\"fusion-text fusion-text-11\"><p><span style=\"color: #f7a81b;\">Pre\u0219edinte<\/span><br \/>\n<strong>Sever Dumitru Ciubuca<\/strong><br \/>\n<small>R.C. Cetatea Neam\u021bului<\/small><\/p>\n<\/div><div class=\"fusion-separator fusion-full-width-sep\" style=\"align-self: center;margin-left: auto;margin-right: auto;margin-bottom:1em;width:100%;\"><div class=\"fusion-separator-border sep-single sep-solid\" style=\"--awb-height:20px;--awb-amount:20px;--awb-sep-color:hsla(var(--awb-color8-h),var(--awb-color8-s),var(--awb-color8-l),calc(var(--awb-color8-a) - 90%));border-color:hsla(var(--awb-color8-h),var(--awb-color8-s),var(--awb-color8-l),calc(var(--awb-color8-a) - 90%));border-top-width:1px;\"><\/div><\/div><div class=\"fusion-text fusion-text-12\"><p><span style=\"color: #f7a81b;\">Secretar<\/span><br \/>\n<strong>Gabriel Vladut<\/strong><br \/>\n<small>R.C. Craiova<\/small><\/p>\n<\/div><div class=\"fusion-separator fusion-full-width-sep\" style=\"align-self: center;margin-left: auto;margin-right: auto;margin-bottom:1em;width:100%;\"><div class=\"fusion-separator-border sep-single sep-solid\" style=\"--awb-height:20px;--awb-amount:20px;--awb-sep-color:hsla(var(--awb-color8-h),var(--awb-color8-s),var(--awb-color8-l),calc(var(--awb-color8-a) - 90%));border-color:hsla(var(--awb-color8-h),var(--awb-color8-s),var(--awb-color8-l),calc(var(--awb-color8-a) - 90%));border-top-width:1px;\"><\/div><\/div><div class=\"fusion-text fusion-text-13\"><p><span style=\"color: #f7a81b;\">Treasurer<\/span><br \/>\n<strong>Cristel Anagnostu<\/strong><br \/>\n<small>R.C. Constan\u021ba Cetatea Tomis<\/small><\/p>\n<\/div><div class=\"fusion-separator fusion-full-width-sep\" style=\"align-self: center;margin-left: auto;margin-right: auto;margin-bottom:1em;width:100%;\"><div class=\"fusion-separator-border sep-single sep-solid\" style=\"--awb-height:20px;--awb-amount:20px;--awb-sep-color:hsla(var(--awb-color8-h),var(--awb-color8-s),var(--awb-color8-l),calc(var(--awb-color8-a) - 90%));border-color:hsla(var(--awb-color8-h),var(--awb-color8-s),var(--awb-color8-l),calc(var(--awb-color8-a) - 90%));border-top-width:1px;\"><\/div><\/div><div class=\"fusion-text fusion-text-14\"><p><span style=\"color: #f7a81b;\">Membru<\/span><br \/>\n<strong>Cristian Postolache Chelaru<\/strong><br \/>\n<small>R.C. Bacau<\/small><\/p>\n<\/div><div class=\"fusion-separator fusion-full-width-sep\" style=\"align-self: center;margin-left: auto;margin-right: auto;margin-bottom:1em;width:100%;\"><div class=\"fusion-separator-border sep-single sep-solid\" style=\"--awb-height:20px;--awb-amount:20px;--awb-sep-color:hsla(var(--awb-color8-h),var(--awb-color8-s),var(--awb-color8-l),calc(var(--awb-color8-a) - 90%));border-color:hsla(var(--awb-color8-h),var(--awb-color8-s),var(--awb-color8-l),calc(var(--awb-color8-a) - 90%));border-top-width:1px;\"><\/div><\/div><div class=\"fusion-text fusion-text-15\"><p><span style=\"color: #f7a81b;\">Membru<\/span><br \/>\n<strong>Ioannis Gardikidis<\/strong><br \/>\n<small>R.C. Ia\u0219i Junimea<\/small><\/p>\n<\/div><div class=\"fusion-separator fusion-full-width-sep\" style=\"align-self: center;margin-left: auto;margin-right: auto;margin-bottom:1em;width:100%;\"><div class=\"fusion-separator-border sep-single sep-solid\" style=\"--awb-height:20px;--awb-amount:20px;--awb-sep-color:hsla(var(--awb-color8-h),var(--awb-color8-s),var(--awb-color8-l),calc(var(--awb-color8-a) - 90%));border-color:hsla(var(--awb-color8-h),var(--awb-color8-s),var(--awb-color8-l),calc(var(--awb-color8-a) - 90%));border-top-width:1px;\"><\/div><\/div><div class=\"fusion-text fusion-text-16\"><p><span style=\"color: #f7a81b;\">Membru<\/span><br \/>\n<strong>Camelia Botezatu<\/strong><br \/>\n<small>R.C. Bucure\u0219ti<\/small><\/p>\n<\/div><div class=\"fusion-separator fusion-full-width-sep\" style=\"align-self: center;margin-left: auto;margin-right: auto;margin-bottom:1em;width:100%;\"><div class=\"fusion-separator-border sep-single sep-solid\" style=\"--awb-height:20px;--awb-amount:20px;--awb-sep-color:hsla(var(--awb-color8-h),var(--awb-color8-s),var(--awb-color8-l),calc(var(--awb-color8-a) - 90%));border-color:hsla(var(--awb-color8-h),var(--awb-color8-s),var(--awb-color8-l),calc(var(--awb-color8-a) - 90%));border-top-width:1px;\"><\/div><\/div><div class=\"fusion-text fusion-text-17\"><p><span style=\"color: #f7a81b;\">Membru<\/span><br \/>\n<strong>Teodor Damian<\/strong><br \/>\n<small>R.C. Piatra Neam\u021b Camena<\/small><\/p>\n<\/div><div class=\"fusion-separator fusion-full-width-sep\" style=\"align-self: center;margin-left: auto;margin-right: auto;margin-bottom:1em;width:100%;\"><div class=\"fusion-separator-border sep-single sep-solid\" style=\"--awb-height:20px;--awb-amount:20px;--awb-sep-color:hsla(var(--awb-color8-h),var(--awb-color8-s),var(--awb-color8-l),calc(var(--awb-color8-a) - 90%));border-color:hsla(var(--awb-color8-h),var(--awb-color8-s),var(--awb-color8-l),calc(var(--awb-color8-a) - 90%));border-top-width:1px;\"><\/div><\/div><div class=\"fusion-text fusion-text-18\"><p><span style=\"color: #f7a81b;\">Membru<\/span><br \/>\n<strong>Vlad Mateescu<\/strong><br \/>\n<small>R.C. Ploie\u0219ti<\/small><\/p>\n<\/div><\/div><\/div><\/div><\/div><\/div><\/div><\/div><\/p>","protected":false},"excerpt":{"rendered":"","protected":false},"author":1,"featured_media":0,"parent":0,"menu_order":70,"comment_status":"closed","ping_status":"closed","template":"100-width.php","meta":{"footnotes":""},"class_list":["post-381","page","type-page","status-publish","hentry"],"_links":{"self":[{"href":"https:\/\/icc-greece-romania.org\/ro\/wp-json\/wp\/v2\/pages\/381","targetHints":{"allow":["GET"]}}],"collection":[{"href":"https:\/\/icc-greece-romania.org\/ro\/wp-json\/wp\/v2\/pages"}],"about":[{"href":"https:\/\/icc-greece-romania.org\/ro\/wp-json\/wp\/v2\/types\/page"}],"author":[{"embeddable":true,"href":"https:\/\/icc-greece-romania.org\/ro\/wp-json\/wp\/v2\/users\/1"}],"replies":[{"embeddable":true,"href":"https:\/\/icc-greece-romania.org\/ro\/wp-json\/wp\/v2\/comments?post=381"}],"version-history":[{"count":0,"href":"https:\/\/icc-greece-romania.org\/ro\/wp-json\/wp\/v2\/pages\/381\/revisions"}],"wp:attachment":[{"href":"https:\/\/icc-greece-romania.org\/ro\/wp-json\/wp\/v2\/media?parent=381"}],"curies":[{"name":"wp","href":"https:\/\/api.w.org\/{rel}","templated":true}]}}