{"id":341,"date":"2026-03-06T17:39:10","date_gmt":"2026-03-06T15:39:10","guid":{"rendered":"https:\/\/icc-greece-romania.org\/?page_id=341"},"modified":"2026-03-12T20:07:34","modified_gmt":"2026-03-12T18:07:34","slug":"projects","status":"publish","type":"page","link":"https:\/\/icc-greece-romania.org\/ro\/projects\/","title":{"rendered":"Proiecte"},"content":{"rendered":"<div class=\"fusion-fullwidth fullwidth-box fusion-builder-row-1 fusion-flex-container has-pattern-background has-mask-background nonhundred-percent-fullwidth non-hundred-percent-height-scrolling\" style=\"--awb-border-radius-top-left:0px;--awb-border-radius-top-right:0px;--awb-border-radius-bottom-right:0px;--awb-border-radius-bottom-left:0px;--awb-padding-top:0em;--awb-padding-right:4em;--awb-padding-bottom:4em;--awb-padding-left:4em;--awb-padding-top-medium:2em;--awb-padding-right-medium:2em;--awb-padding-bottom-medium:2em;--awb-padding-left-medium:2em;--awb-padding-top-small:1em;--awb-padding-right-small:1em;--awb-padding-bottom-small:1em;--awb-padding-left-small:1em;--awb-margin-top:2em;--awb-margin-bottom:4em;--awb-margin-top-medium:4em;--awb-margin-bottom-medium:4em;--awb-margin-top-small:2em;--awb-margin-bottom-small:2em;--awb-flex-wrap:wrap;\" ><div class=\"fusion-builder-row fusion-row fusion-flex-align-items-flex-start fusion-flex-justify-content-center fusion-flex-content-wrap\" style=\"max-width:1497.6px;margin-left: calc(-4% \/ 2 );margin-right: calc(-4% \/ 2 );\"><div class=\"fusion-layout-column fusion_builder_column fusion-builder-column-0 fusion_builder_column_1_1 1_1 fusion-flex-column\" style=\"--awb-bg-size:cover;--awb-width-large:100%;--awb-margin-top-large:0px;--awb-spacing-right-large:1.92%;--awb-margin-bottom-large:20px;--awb-spacing-left-large:1.92%;--awb-width-medium:100%;--awb-order-medium:0;--awb-spacing-right-medium:1.92%;--awb-spacing-left-medium:1.92%;--awb-width-small:100%;--awb-order-small:0;--awb-spacing-right-small:1.92%;--awb-spacing-left-small:1.92%;\" data-scroll-devices=\"small-visibility,medium-visibility,large-visibility\"><div class=\"fusion-column-wrapper fusion-column-has-shadow fusion-flex-justify-content-flex-start fusion-content-layout-column\"><div class=\"fusion-title title fusion-title-1 fusion-sep-none fusion-title-text fusion-title-size-one\" style=\"--awb-text-color:var(--awb-color4);\"><h1 class=\"fusion-title-heading title-heading-left fusion-responsive-typography-calculated\" style=\"margin:0;--fontSize:50;line-height:var(--awb-typography1-line-height);\">Proiecte<\/h1><\/div><\/div><\/div><div class=\"fusion-layout-column fusion_builder_column fusion-builder-column-1 fusion_builder_column_1_1 1_1 fusion-flex-column wiz-animate wiz-fade-up delay-100 wiz-hover-lift\" style=\"--awb-padding-top:4em;--awb-padding-right:2em;--awb-padding-bottom:4em;--awb-padding-left:4em;--awb-padding-top-medium:2em;--awb-padding-right-medium:2em;--awb-padding-bottom-medium:2em;--awb-padding-left-medium:2em;--awb-padding-top-small:1em;--awb-padding-right-small:1em;--awb-padding-bottom-small:1em;--awb-padding-left-small:1em;--awb-overflow:hidden;--awb-bg-color:var(--awb-color1);--awb-bg-color-hover:var(--awb-color1);--awb-bg-size:cover;--awb-box-shadow:0px 6px 20px -6px hsla(var(--awb-color8-h),var(--awb-color8-s),var(--awb-color8-l),calc(var(--awb-color8-a) - 80%));;--awb-border-color:hsla(var(--awb-color8-h),var(--awb-color8-s),var(--awb-color8-l),calc(var(--awb-color8-a) - 90%));--awb-border-bottom:1px;--awb-border-style:solid;--awb-border-radius:16px 16px 16px 16px;--awb-width-large:100%;--awb-margin-top-large:0px;--awb-spacing-right-large:1.92%;--awb-margin-bottom-large:0px;--awb-spacing-left-large:1.92%;--awb-width-medium:100%;--awb-order-medium:0;--awb-spacing-right-medium:1.92%;--awb-spacing-left-medium:1.92%;--awb-width-small:100%;--awb-order-small:0;--awb-spacing-right-small:1.92%;--awb-spacing-left-small:1.92%;\" data-scroll-devices=\"small-visibility,medium-visibility,large-visibility\"><div class=\"fusion-column-wrapper fusion-column-has-shadow fusion-flex-justify-content-center fusion-content-layout-column\"><div class=\"fusion-builder-row fusion-builder-row-inner fusion-row fusion-flex-align-items-flex-start fusion-flex-justify-content-center fusion-flex-content-wrap\" style=\"width:104% !important;max-width:104% !important;margin-left: calc(-4% \/ 2 );margin-right: calc(-4% \/ 2 );\"><div class=\"fusion-layout-column fusion_builder_column_inner fusion-builder-nested-column-0 fusion_builder_column_inner_2_5 2_5 fusion-flex-column fusion-flex-align-self-center\" style=\"--awb-bg-size:cover;--awb-width-large:40%;--awb-margin-top-large:0px;--awb-spacing-right-large:4.8%;--awb-margin-bottom-large:0px;--awb-spacing-left-large:4.8%;--awb-width-medium:40%;--awb-order-medium:0;--awb-spacing-right-medium:4.8%;--awb-spacing-left-medium:4.8%;--awb-width-small:100%;--awb-order-small:0;--awb-spacing-right-small:1.92%;--awb-spacing-left-small:1.92%;\" data-scroll-devices=\"small-visibility,medium-visibility,large-visibility\"><div class=\"fusion-column-wrapper fusion-column-has-shadow fusion-flex-justify-content-center fusion-content-layout-column\"><div class=\"fusion-image-element\" style=\"--awb-aspect-ratio:4 \/ 3;--awb-caption-title-font-family:var(--h2_typography-font-family);--awb-caption-title-font-weight:var(--h2_typography-font-weight);--awb-caption-title-font-style:var(--h2_typography-font-style);--awb-caption-title-size:var(--h2_typography-font-size);--awb-caption-title-transform:var(--h2_typography-text-transform);--awb-caption-title-line-height:var(--h2_typography-line-height);--awb-caption-title-letter-spacing:var(--h2_typography-letter-spacing);\"><span class=\"fusion-imageframe imageframe-none imageframe-1 hover-type-none has-aspect-ratio\" style=\"border-radius:16px;\"><img decoding=\"async\" width=\"1080\" height=\"664\" alt=\"Petrokerasa village Greece \u2014 featured location in ICC Greece-Romania nature and culture photography festival\" title=\"petrokerasa\" src=\"https:\/\/icc-greece-romania.org\/wp-content\/uploads\/2026\/03\/petrokerasa.jpg\" data-orig-src=\"https:\/\/icc-greece-romania.org\/wp-content\/uploads\/2026\/03\/petrokerasa.jpg\" class=\"lazyload img-responsive wp-image-331 img-with-aspect-ratio\" data-parent-fit=\"cover\" data-parent-container=\".fusion-image-element\" srcset=\"data:image\/svg+xml,%3Csvg%20xmlns%3D%27http%3A%2F%2Fwww.w3.org%2F2000%2Fsvg%27%20width%3D%271080%27%20height%3D%27664%27%20viewBox%3D%270%200%201080%20664%27%3E%3Crect%20width%3D%271080%27%20height%3D%27664%27%20fill-opacity%3D%220%22%2F%3E%3C%2Fsvg%3E\" data-srcset=\"https:\/\/icc-greece-romania.org\/wp-content\/uploads\/2026\/03\/petrokerasa-200x123.jpg 200w, https:\/\/icc-greece-romania.org\/wp-content\/uploads\/2026\/03\/petrokerasa-400x246.jpg 400w, https:\/\/icc-greece-romania.org\/wp-content\/uploads\/2026\/03\/petrokerasa-600x369.jpg 600w, https:\/\/icc-greece-romania.org\/wp-content\/uploads\/2026\/03\/petrokerasa-800x492.jpg 800w, https:\/\/icc-greece-romania.org\/wp-content\/uploads\/2026\/03\/petrokerasa.jpg 1080w\" data-sizes=\"auto\" data-orig-sizes=\"(max-width: 640px) 100vw, 600px\" \/><\/span><\/div><\/div><\/div><div class=\"fusion-layout-column fusion_builder_column_inner fusion-builder-nested-column-1 fusion_builder_column_inner_3_5 3_5 fusion-flex-column fusion-flex-align-self-center\" style=\"--awb-bg-size:cover;--awb-width-large:60%;--awb-margin-top-large:0px;--awb-spacing-right-large:3.2%;--awb-margin-bottom-large:0px;--awb-spacing-left-large:3.2%;--awb-width-medium:60%;--awb-order-medium:0;--awb-spacing-right-medium:3.2%;--awb-spacing-left-medium:3.2%;--awb-width-small:100%;--awb-order-small:0;--awb-spacing-right-small:1.92%;--awb-spacing-left-small:1.92%;\" data-scroll-devices=\"small-visibility,medium-visibility,large-visibility\"><div class=\"fusion-column-wrapper fusion-column-has-shadow fusion-flex-justify-content-center fusion-content-layout-column\"><div class=\"fusion-title title fusion-title-2 fusion-sep-none fusion-title-text fusion-title-size-two\" style=\"--awb-text-color:var(--awb-color6);\"><h2 class=\"fusion-title-heading title-heading-left fusion-responsive-typography-calculated\" style=\"margin:0;--fontSize:40;line-height:1.3;\"><strong>Natur\u0103, cultur\u0103 \u0219i via\u021b\u0103 \u2014 un festival de fotografie<\/strong><\/h2><\/div><div class=\"fusion-text fusion-text-1\" style=\"--awb-text-color:var(--awb-color3);\"><p>ICC Grecia-Rom\u00e2nia lanseaz\u0103 primul s\u0103u festival de fotografie, celebr\u00e2nd leg\u0103tura profund\u0103 dintre natur\u0103, cultur\u0103 \u0219i calitatea vie\u021bii noastre. Prin intermediul obiectivului, participan\u021bii sunt invita\u021bi s\u0103 exploreze modul \u00een care lumea natural\u0103 inspir\u0103 cultura uman\u0103 \u0219i de ce este important s\u0103 o protej\u0103m.<br \/>\nDeschis tuturor fotografilor p\u00e2n\u0103 pe 31 martie, cele mai bune lucr\u0103ri vor fi expuse la Atena \u00een perioada 12-17 mai \u0219i vor fi prezentate publicului din ambele \u021b\u0103ri.<br \/>\n\u00cencas\u0103rile festivalului vor finan\u021ba o cauz\u0103 social\u0103 important\u0103: trimiterea a cinci elevi talenta\u021bi de la \u0218coala de Arte din Komotini la o tab\u0103r\u0103 de var\u0103 de pictur\u0103 \u00een Sl\u0103nic-Moldova, Rom\u00e2nia, \u00een iulie 2026 \u2014 un adev\u0103rat proiect ICC, care conecteaz\u0103 tinerii dincolo de grani\u021be prin art\u0103.<\/p>\n<\/div><div ><a class=\"fusion-button button-flat fusion-button-default-size button-default fusion-button-default button-1 fusion-button-default-span fusion-button-default-type\" target=\"_blank\" rel=\"noopener noreferrer\" title=\"Vizita\u021bi site-ul festivalului\" aria-label=\"Vizita\u021bi site-ul festivalului\" href=\"https:\/\/icc-greece-romania.gr\/\"><span class=\"fusion-button-text awb-button__text awb-button__text--default\">Vizita\u021bi site-ul festivalului<\/span><\/a><\/div><\/div><\/div><\/div><\/div><\/div><\/div><\/div>","protected":false},"excerpt":{"rendered":"","protected":false},"author":1,"featured_media":0,"parent":0,"menu_order":40,"comment_status":"closed","ping_status":"closed","template":"100-width.php","meta":{"footnotes":""},"class_list":["post-341","page","type-page","status-publish","hentry"],"_links":{"self":[{"href":"https:\/\/icc-greece-romania.org\/ro\/wp-json\/wp\/v2\/pages\/341","targetHints":{"allow":["GET"]}}],"collection":[{"href":"https:\/\/icc-greece-romania.org\/ro\/wp-json\/wp\/v2\/pages"}],"about":[{"href":"https:\/\/icc-greece-romania.org\/ro\/wp-json\/wp\/v2\/types\/page"}],"author":[{"embeddable":true,"href":"https:\/\/icc-greece-romania.org\/ro\/wp-json\/wp\/v2\/users\/1"}],"replies":[{"embeddable":true,"href":"https:\/\/icc-greece-romania.org\/ro\/wp-json\/wp\/v2\/comments?post=341"}],"version-history":[{"count":0,"href":"https:\/\/icc-greece-romania.org\/ro\/wp-json\/wp\/v2\/pages\/341\/revisions"}],"wp:attachment":[{"href":"https:\/\/icc-greece-romania.org\/ro\/wp-json\/wp\/v2\/media?parent=341"}],"curies":[{"name":"wp","href":"https:\/\/api.w.org\/{rel}","templated":true}]}}